{"id":22,"date":"2024-01-11T20:26:30","date_gmt":"2024-01-11T20:26:30","guid":{"rendered":"https:\/\/minac-camgov.net\/?page_id=22"},"modified":"2024-01-11T20:38:51","modified_gmt":"2024-01-11T20:38:51","slug":"the-minister","status":"publish","type":"page","link":"https:\/\/minac-camgov.net\/index.php\/the-minister\/","title":{"rendered":"The Minister"},"content":{"rendered":"\n<p><strong>Bidoung Mkpatt<\/strong>&nbsp;est n\u00e9 le 16 novembre 1953 \u00e0 Nanga Eboko, une localit\u00e9 situ\u00e9e dans la r\u00e9gion du centre du Cameroun. Il a fait l&nbsp;\u00e9cole primaire de Nanga-Eboko et l\u2019\u00e9cole primaire adventiste de Nanga-Eboko, le CES de Nanga-Eboko et le Lyc\u00e9e d\u2019Obala. Pour le sup\u00e9rieur, Bidoung Mkpatt a fait l\u2019Universit\u00e9 de Yaound\u00e9 I, l\u2019Institut National de la Jeunesse et des Sports (Division Jeunesse et Animation) et l\u2019Universit\u00e9 de Bordeaux III.<\/p>\n\n\n\n<p>En ce qui concerne les dipl\u00f4mes obtenus, il a le CEPE \u2013 le BEPC \u2013 le BACCALAUREAT &#8220;D&#8221;, le DIPLOME DE CONSEILLER PRINCIPAL DE JEUNESSE ET D\u2019ANIMATION (major de la promotion) et un Doctorat d\u2019universit\u00e9, nouveau r\u00e9gime de th\u00e8se unique fran\u00e7aise, en communication des Arts et Spectacles (Mention tr\u00e8s honorable).<\/p>\n\n\n\n<p>En ce qui concerne les exp\u00e9riences dans l\u2019animation culturelle et publique, Bidoung Mkpatt parmi d\u2019autres a eu cinquante (50) pi\u00e8ces de th\u00e9\u00e2tre mises en sc\u00e8ne et donn\u00e9es spectacle. De 1974 \u00e0 1996, il a \u00e9crit et donn\u00e9 des repr\u00e9sentations de neuf de ses pi\u00e8ces de th\u00e9\u00e2tre dans les villes du Cameroun et \u00e0 l\u2019ext\u00e9rieur des fronti\u00e8res nationales.&nbsp;<strong>Monsieur<\/strong>&nbsp;<strong>le<\/strong>&nbsp;<strong>Pr\u00e9fet<\/strong>, pi\u00e8ce prim\u00e9e lors du 8<sup>e<\/sup>&nbsp;Concours Th\u00e9\u00e2tral Interafricain organis\u00e9 par Radio France International (1976), est \u00e9galement jou\u00e9e de 1976 \u00e0 1980 au Cameroun par les troupes&nbsp;<strong>les<\/strong>&nbsp;<strong>Tr\u00e9teaux<\/strong>&nbsp;<strong>d\u2019Eb\u00e8ne<\/strong>,&nbsp;<strong>les<\/strong>&nbsp;<strong>Amis<\/strong>&nbsp;<strong>de<\/strong>&nbsp;<strong>la<\/strong>&nbsp;<strong>Sc\u00e8ne<\/strong>&nbsp;etc\u2026<\/p>\n\n\n\n<p><strong>DINALO&nbsp;<\/strong>: Recueils de sketches.<\/p>\n\n\n\n<p>Plusieurs sketches \u00e9crits et enregistr\u00e9s ont \u00e9t\u00e9 diffus\u00e9s dans les m\u00e9dia nationaux et d\u2019autres pays (le PDG, Mam Nylon, le Livre du Mois, l\u2019avis du vaurien, C\u0153ur faible, le Cam\u00e9l\u00e9on endiabl\u00e9, l\u2019intrigante, l\u2019outil de travail, Monsieur le Pr\u00e9sident, le Rigoureux, Parcours Vita, la chance d\u2019esp\u00e9rer Monsieur Debrou, les frais d\u2019assurance, Contamination, Vivre longtemps jeune, les intol\u00e9rants, etc.&nbsp;<strong>AHMADOU MOKTAR MBOW<\/strong>, L\u2019africain est un R\u00e9cital po\u00e9tique jou\u00e9 au Palais des Congr\u00e8s pendant son s\u00e9jour en qualit\u00e9 de Secr\u00e9taire G\u00e9n\u00e9ral de l\u2019Unesco le 20 juillet 1988.<\/p>\n\n\n\n<p>Pour les responsabilit\u00e9s assum\u00e9es par Bidoung&nbsp;Mkpatt, il a \u00e9t\u00e9 Pr\u00e9sident du jury du festival du th\u00e9\u00e2tre pour l\u2019Enfance et la jeunesse, coordonnateur des &#8220;Veill\u00e9es Th\u00e9\u00e2trales&#8221; de Yaound\u00e9 organis\u00e9es mensuellement au Cercle Municipal de Yaound\u00e9 (1983-1998)<strong><u>,&nbsp;<\/u><\/strong>Vice-Pr\u00e9sident du Centre Camerounais de l\u2019Institut International du Th\u00e9\u00e2tre (C.C.I.I. T), Pr\u00e9sident du jury des Rencontres Th\u00e9\u00e2trales Internationales de Yaound\u00e9. En 1996, Pr\u00e9sident de la Cellule de Promotion des Activit\u00e9s Culturelles du Comit\u00e9 Central du RDPC en 1997&nbsp; Organisation du M\u00e9ga Concert de la Victoire du Pr\u00e9sident Paul BIYA \u00e0 l\u2019\u00e9lection pr\u00e9sidentielle (Palais des Congr\u00e8s de Yaound\u00e9 \u2013 MVOMEKA), etc.<\/p>\n\n\n\n<p>Pour les postes occup\u00e9s&nbsp;, il \u00e9tait le Directeur du Centre Provincial de Jeunesse et d\u2019animation de Madagascar \u00e0 Yaound\u00e9, Enseignant \u00e0 la Facult\u00e9 des Lettres et Sciences Humaines de Yaound\u00e9, Directeur de l\u2019Institut National de la Jeunesse de des Sports de Yaound\u00e9, Pr\u00e9sident de la Commission Ad Hoc charg\u00e9 de la pr\u00e9paration des manifestations de l\u2019an 2000, Ministre de la Jeunesse et des Sports<strong><u>,<\/u><\/strong>&nbsp;Ministre de la Jeunesse et de l\u2019Education Civique, Ministre des Sports et de l\u2019Education Physique et enfin Ministre des Arts et de la Culture.<\/p>\n","protected":false},"excerpt":{"rendered":"<p>Bidoung Mkpatt&nbsp;est n\u00e9 le 16 novembre 1953 \u00e0 Nanga Eboko, une localit\u00e9 situ\u00e9e dans la r\u00e9gion du centre du Cameroun. Il a fait l&nbsp;\u00e9cole primaire de Nanga-Eboko et l\u2019\u00e9cole primaire&hellip;<\/p>\n","protected":false},"author":1,"featured_media":0,"parent":0,"menu_order":0,"comment_status":"closed","ping_status":"closed","template":"","meta":{"om_disable_all_campaigns":false,"_monsterinsights_skip_tracking":false,"_monsterinsights_sitenote_active":false,"_monsterinsights_sitenote_note":"","_monsterinsights_sitenote_category":0,"footnotes":""},"class_list":["post-22","page","type-page","status-publish","hentry"],"aioseo_notices":[],"_links":{"self":[{"href":"https:\/\/minac-camgov.net\/index.php\/wp-json\/wp\/v2\/pages\/22","targetHints":{"allow":["GET"]}}],"collection":[{"href":"https:\/\/minac-camgov.net\/index.php\/wp-json\/wp\/v2\/pages"}],"about":[{"href":"https:\/\/minac-camgov.net\/index.php\/wp-json\/wp\/v2\/types\/page"}],"author":[{"embeddable":true,"href":"https:\/\/minac-camgov.net\/index.php\/wp-json\/wp\/v2\/users\/1"}],"replies":[{"embeddable":true,"href":"https:\/\/minac-camgov.net\/index.php\/wp-json\/wp\/v2\/comments?post=22"}],"version-history":[{"count":2,"href":"https:\/\/minac-camgov.net\/index.php\/wp-json\/wp\/v2\/pages\/22\/revisions"}],"predecessor-version":[{"id":36,"href":"https:\/\/minac-camgov.net\/index.php\/wp-json\/wp\/v2\/pages\/22\/revisions\/36"}],"wp:attachment":[{"href":"https:\/\/minac-camgov.net\/index.php\/wp-json\/wp\/v2\/media?parent=22"}],"curies":[{"name":"wp","href":"https:\/\/api.w.org\/{rel}","templated":true}]}}